{"id":7616,"date":"2025-10-30T04:44:06","date_gmt":"2025-10-30T01:44:06","guid":{"rendered":"https:\/\/arqeteq.com\/?page_id=7616"},"modified":"2025-10-30T04:59:03","modified_gmt":"2025-10-30T01:59:03","slug":"gizlilik-politikasi","status":"publish","type":"page","link":"https:\/\/arqeteq.com\/en\/gizlilik-politikasi\/","title":{"rendered":"Privacy Policy"},"content":{"rendered":"<div data-elementor-type=\"wp-page\" data-elementor-id=\"7616\" class=\"elementor elementor-7616\">\n\t\t\t\t<div class=\"elementor-element elementor-element-696c2910 e-flex e-con-boxed e-con e-parent\" data-id=\"696c2910\" data-element_type=\"container\">\n\t\t\t\t\t<div class=\"e-con-inner\">\n\t\t\t\t<div class=\"elementor-element elementor-element-c3fae33 elementor-widget elementor-widget-text-editor\" data-id=\"c3fae33\" data-element_type=\"widget\" data-settings=\"{&quot;ekit_we_effect_on&quot;:&quot;none&quot;}\" data-widget_type=\"text-editor.default\">\n\t\t\t\t\t\t\t\t\t<h2><b>Privacy Policy<\/b><\/h2>\n<p>\u00a0<\/p>\n<p><b>ARQETEQ Mimari Teknoloji ve Gayrimenkul Geli\u015ftirme<\/b> olarak, kullan\u0131c\u0131lar\u0131m\u0131z\u0131n gizlili\u011fine sayg\u0131 duyuyor ve ki\u015fisel bilgilerinizi koruma taahh\u00fcd\u00fcnde bulunuyoruz. Bu gizlilik politikas\u0131, internet sitemizi ziyaret edenlerin ki\u015fisel bilgilerinin nas\u0131l topland\u0131\u011f\u0131n\u0131, kullan\u0131ld\u0131\u011f\u0131n\u0131, korundu\u011funu ve payla\u015f\u0131ld\u0131\u011f\u0131n\u0131 a\u00e7\u0131klamaktad\u0131r.<\/p>\n<p><b>Toplanan Bilgiler:<\/b> Sitemizi ziyaret etti\u011finizde, belirli bilgiler otomatik olarak kaydedilebilir. Bu bilgiler, IP adresiniz, taray\u0131c\u0131 tipiniz, i\u015fletim sisteminiz, ziyaret etti\u011finiz sayfalar, tarih ve saat gibi genel bilgileri i\u00e7erebilir. Ki\u015fisel bilgiler, sizden talep edilen durumlarda (ileti\u015fim formu doldurulmas\u0131, b\u00fclten aboneli\u011fi, i\u015f ba\u015fvurusu gibi) taraf\u0131m\u0131zdan bilgi almak amac\u0131yla toplanabilir.<\/p>\n<p><b>Ki\u015fisel Bilgilerin Kullan\u0131m\u0131:<\/b> Toplanan ki\u015fisel bilgiler, a\u015fa\u011f\u0131daki ama\u00e7larla kullan\u0131labilir:<\/p>\n<ul>\n<li>\n<p>\u0130lgili taleplerinizi kar\u015f\u0131lamak,<\/p>\n<\/li>\n<li>\n<p>\u0130leti\u015fim kurmak,<\/p>\n<\/li>\n<li>\n<p>Hizmetlerimizi geli\u015ftirmek ve \u00f6zelle\u015ftirmek,<\/p>\n<\/li>\n<li>\n<p>Sizi etkinliklerden, kampanyalardan ve yeni hizmetlerden haberdar etmek.<\/p>\n<\/li>\n<\/ul>\n<p><b>Ki\u015fisel Bilgilerin Korunmas\u0131:<\/b> Ki\u015fisel bilgilerinizi koruma amac\u0131yla gerekli g\u00fcvenlik \u00f6nlemleri al\u0131nmaktad\u0131r. Ancak internet \u00fczerinden ileti\u015fimin tam g\u00fcvenli\u011fi garanti edilemez, bu nedenle iletti\u011finiz bilgilerin g\u00fcvenli\u011fini sa\u011flamak i\u00e7in elimizden gelenin en iyisini yapmaktay\u0131z.<\/p>\n<p><b>\u00dc\u00e7\u00fcnc\u00fc Taraf Payla\u015f\u0131m\u0131:<\/b> Ki\u015fisel bilgilerinizi asla izinsiz bir \u015fekilde satmayacak, kiralamayacak veya de\u011fi\u015ftirmeyecek ve \u00fc\u00e7\u00fcnc\u00fc taraflarla payla\u015fmayaca\u011f\u0131z. Ancak, y\u00fcr\u00fcrl\u00fckteki yasalara ve d\u00fczenlemelere uymak ad\u0131na yetkilendirilmi\u015f mercilere bilgi sa\u011flama y\u00fck\u00fcml\u00fcl\u00fc\u011f\u00fcm\u00fcz olabilir.<\/p>\n<p><b>\u00c7erezler:<\/b> Sitemizde \u00e7erezler kullan\u0131lmaktad\u0131r. \u00c7erezler, taray\u0131c\u0131n\u0131zda depolanan k\u00fc\u00e7\u00fck metin dosyalar\u0131d\u0131r. \u00c7erezler, kullan\u0131c\u0131 deneyiminizi geli\u015ftirmek ve sitemizi daha etkili hale getirmek amac\u0131yla kullan\u0131l\u0131r.<\/p>\n<p><b>Di\u011fer Web Sitelerine Ba\u011flant\u0131lar:<\/b> Sitemiz, di\u011fer web sitelerine ba\u011flant\u0131lar i\u00e7erebilir. Bu ba\u011flant\u0131lar\u0131 kullan\u0131rken, di\u011fer sitelerin gizlilik politikalar\u0131n\u0131 kontrol etmenizi \u00f6neririz. Di\u011fer sitelerin i\u00e7eri\u011fi veya gizlilik uygulamalar\u0131ndan sorumlu de\u011filiz.<\/p>\n<p><b>Gizlilik Politikas\u0131 G\u00fcncellemeleri:<\/b> Gizlilik politikam\u0131zda de\u011fi\u015fiklik yapma hakk\u0131m\u0131z\u0131 sakl\u0131 tutar\u0131z. De\u011fi\u015fiklikler sitemizde yay\u0131nland\u0131\u011f\u0131 anda y\u00fcr\u00fcrl\u00fc\u011fe girecektir.<\/p>\n<p>Bu gizlilik politikas\u0131 hakk\u0131nda herhangi bir sorunuz varsa, l\u00fctfen bizimle ileti\u015fime ge\u00e7iniz: <b>info@arqeteq.com<\/b>.<\/p>\n<hr \/>\n<h2><b>Telif Hakk\u0131 Bildirimi<\/b><\/h2>\n<p>\u00a0<\/p>\n<p><b>ARQETEQ Mimari Teknoloji ve Gayrimenkul Geli\u015ftirme<\/b> taraf\u0131ndan ger\u00e7ekle\u015ftirilen t\u00fcm tasar\u0131mlar\u0131n, yarat\u0131c\u0131 \u00e7al\u0131\u015fmalar\u0131n ve di\u011fer entelekt\u00fcel m\u00fclkiyet i\u00e7eren materyallerin t\u00fcm telif haklar\u0131 sakl\u0131d\u0131r. Bu kapsamda, m\u00fc\u015fteri veya i\u015f orta\u011f\u0131m\u0131z olsan\u0131z dahi, taraf\u0131m\u0131zca \u00fcretilen her t\u00fcrl\u00fc i\u00e7eri\u011fin telif hakk\u0131 <b>ARQETEQ Mimari Teknoloji ve Gayrimenkul Geli\u015ftirme<\/b>\u2019a aittir. <b>ARQETEQ Mimari Teknoloji ve Gayrimenkul Geli\u015ftirme<\/b>\u2019nin izni olmaks\u0131z\u0131n, bu i\u00e7eriklerin kullan\u0131lmas\u0131, \u00e7o\u011falt\u0131lmas\u0131, da\u011f\u0131t\u0131lmas\u0131 veya herhangi bir \u015fekilde ticari ama\u00e7la kullan\u0131lmas\u0131, ulusal ve uluslararas\u0131 telif haklar\u0131na ayk\u0131r\u0131d\u0131r. Telif hakk\u0131 ihlali durumunda, i\u015fbu i\u00e7eri\u011fin kullan\u0131lmas\u0131yla ilgili olarak hukuki i\u015flemler ba\u015flat\u0131labilecektir. Bu durumda, hukuki s\u00fcre\u00e7 <b>ARQETEQ Mimari Teknoloji ve Gayrimenkul Geli\u015ftirme<\/b> taraf\u0131ndan atanm\u0131\u015f olan avukatlar arac\u0131l\u0131\u011f\u0131yla y\u00fcr\u00fct\u00fclecek olup, gerekli yasal ad\u0131mlar\u0131n at\u0131lmas\u0131 i\u00e7in avukatlar\u0131m\u0131z devreye girecektir.<\/p>\n<p>Telif hakk\u0131 ihlaliyle ilgili bildirim, tespit edilen ihlal durumunda derhal yap\u0131lmal\u0131d\u0131r. Bildirimler i\u00e7in l\u00fctfen <b>info@arqeteq.com<\/b> adresinden bizimle ileti\u015fime ge\u00e7iniz.<\/p>\n<hr \/>\n<h2><b>Ki\u015fisel Verilerin Korunmas\u0131 Kanunu Bilgilendirme Metni<\/b><\/h2>\n<p>\u00a0<\/p>\n<p><b>6698 Say\u0131l\u0131 Ki\u015fisel Verilerin Korunmas\u0131 Kanunu Hakk\u0131nda Genel Bilgilendirme<\/b> 6698 say\u0131l\u0131 Ki\u015fisel Verilerin Korunmas\u0131 Kanunu, 24 Mart 2016 tarihinde T\u00fcrkiye B\u00fcy\u00fck Millet Meclisi taraf\u0131ndan kabul edilmi\u015f ve 7 Nisan 2016 tarihli 29677 say\u0131l\u0131 Resmi Gazete\u2019de yay\u0131mlanarak y\u00fcr\u00fcrl\u00fc\u011fe girmi\u015ftir. Bu kanun, bireylerin \u00f6zel hayatlar\u0131n\u0131 ve ki\u015fisel verilerini koruma amac\u0131 g\u00fctmekte olup, ki\u015fisel verilerin i\u015flenmesi s\u00fcrecinde temel hak ve \u00f6zg\u00fcrl\u00fckleri g\u00fcvence alt\u0131na almaktad\u0131r. Kanun ayn\u0131 zamanda ki\u015fisel verileri i\u015fleyen ger\u00e7ek ve t\u00fczel ki\u015filerin sorumluluklar\u0131n\u0131 d\u00fczenleyerek, uyacaklar\u0131 usul ve esaslar\u0131 belirlemeyi ama\u00e7lamaktad\u0131r.<\/p>\n<p><b>Veri Sorumlusu Bilgilendirmesi<\/b> <b>ARQETEQ Mimari Teknoloji ve Gayrimenkul Geli\u015ftirme<\/b> olarak, 6698 say\u0131l\u0131 Ki\u015fisel Verilerin Korunmas\u0131 Kanunu uyar\u0131nca Veri Sorumlusu s\u0131fat\u0131yla ki\u015fisel verilerinizi ilgili mevzuata uygun olarak kullanmay\u0131 taahh\u00fct ediyoruz.<\/p>\n<p><b>a. Veri Sorumlusunun Kimli\u011fi:<\/b> KVKK\u2019ya g\u00f6re veri sorumlusu, \u201cKi\u015fisel verilerin i\u015fleme ama\u00e7lar\u0131n\u0131 ve vas\u0131talar\u0131n\u0131 belirleyen, veri kay\u0131t sisteminin kurulmas\u0131ndan ve y\u00f6netilmesinden sorumlu olan ger\u00e7ek veya <b>t\u00fczel ki\u015fi<\/b>\u201d olarak tan\u0131mlanm\u0131\u015ft\u0131r. Bu \u00e7er\u00e7evede, veri sorumlusu olarak <b>ARQETEQ Mimari Teknoloji ve Gayrimenkul Geli\u015ftirme<\/b>, ki\u015fisel verilerinizi i\u015fleyen bir <b>t\u00fczel ki\u015fi<\/b> olarak tan\u0131mlanmaktad\u0131r.<\/p>\n<p><b>b. Ki\u015fisel Verilerin \u0130\u015flenme Ama\u00e7lar\u0131:<\/b> Ki\u015fisel verileriniz, <b>ARQETEQ Mimari Teknoloji ve Gayrimenkul Geli\u015ftirme<\/b>&#8216;nin faaliyetlerini y\u00fcr\u00fctmek amac\u0131yla i\u015flenecektir. Bu i\u015fleme ama\u00e7lar\u0131 aras\u0131nda sunulan \u00fcr\u00fcn ve hizmetlerden sizlere faydalanmak, \u00fcr\u00fcn ve hizmetlerin iyile\u015ftirilmesi, geli\u015ftirilmesi, \u00e7e\u015fitlendirilmesi, ticari g\u00fcvenli\u011fin temini, kalite denetimleri ve i\u015f stratejilerinin belirlenmesi yer alacakt\u0131r.<\/p>\n<p><b>c. \u0130\u015flenen Ki\u015fisel Verilerin Kimlere ve Hangi Ama\u00e7la Aktar\u0131labilece\u011fi:<\/b> Ki\u015fisel verileriniz, gerekli g\u00fcvenlik \u00f6nlemleri al\u0131nd\u0131\u011f\u0131nda, i\u015f ortaklar\u0131, tedarik\u00e7iler veya yetkili kurumlarla payla\u015f\u0131labilecektir. Ayr\u0131ca, bilgi g\u00fcvenli\u011fi tedbirleri al\u0131narak, i\u015fbu metinde belirtilen ama\u00e7lar do\u011frultusunda 3. ki\u015filere aktar\u0131labilecektir.<\/p>\n<p><b>d. Ki\u015fisel Verilerin Toplanma Y\u00f6ntemi ve Hukuki Sebebi:<\/b> Ki\u015fisel verileriniz, ticari faaliyetlerimizi y\u00fcr\u00fctmek amac\u0131yla internet sitemiz, i\u015flemler, anketler, s\u00f6zle\u015fmeler gibi farkl\u0131 kanallarla ve yasalara uygun olarak toplanacakt\u0131r. \u0130\u015fbu Ayd\u0131nlatma Metni\u2019nde belirtilen ama\u00e7larla i\u015flenebilir ve aktar\u0131labilir. Ki\u015fisel verileriniz, a\u00e7\u0131k r\u0131za al\u0131narak veya yasal bir zorunluluk \u00e7er\u00e7evesinde i\u015flenecektir.<\/p>\n<p><b>e. Ki\u015fisel Veri Sahibinin Haklar\u0131:<\/b> Ki\u015fisel veri sahipleri olarak, KVKK\u2019n\u0131n tan\u0131d\u0131\u011f\u0131 haklara sahipsiniz. Bu haklar\u0131n\u0131za ili\u015fkin taleplerinizi <b>info@arqeteq.com<\/b> e-posta adresi gibi <b>ARQETEQ Mimari Teknoloji ve Gayrimenkul Geli\u015ftirme<\/b>&#8216;nin resmi ileti\u015fim kanallar\u0131 \u00fczerinden payla\u015fabilirsiniz. KVKK\u2019n\u0131n 11. maddesi uyar\u0131nca sahip oldu\u011funuz haklar aras\u0131nda ki\u015fisel verilerinize eri\u015fim, d\u00fczeltme, silme, g\u00fcncelleme, aktarma ve i\u015fleme itiraz etme bulunmaktad\u0131r.<\/p>\n<p><b>f. Otomatik Karar Alma:<\/b> Ki\u015fisel verilerinizin otomatik sistemler vas\u0131tas\u0131yla analiz edilmesi sonucu aleyhinize bir sonu\u00e7 ortaya \u00e7\u0131kmas\u0131 durumunda itiraz etme hakk\u0131n\u0131z bulunmaktad\u0131r. Bu t\u00fcr durumlarla ilgili olarak <b>ARQETEQ Mimari Teknoloji ve Gayrimenkul Geli\u015ftirme<\/b>&#8216;ye ba\u015fvurabilirsiniz.<\/p>\n<p><b>g. Veri G\u00fcvenli\u011fi ve \u0130hlal Bildirimi:<\/b> <b>ARQETEQ Mimari Teknoloji ve Gayrimenkul Geli\u015ftirme<\/b>, ki\u015fisel verilerinizi koruma amac\u0131yla gerekli teknik ve idari g\u00fcvenlik \u00f6nlemlerini almaktad\u0131r. Herhangi bir veri ihlali durumunda, ilgili mercilere ve size bildirimde bulunulacakt\u0131r.<\/p>\n<p><b>h. Kullan\u0131c\u0131 Onay\u0131:<\/b> Bu internet sitesini ziyaret eden ve i\u00e7erikleri inceleyen herkes, bu bilgilendirme metnini okuyup anlad\u0131\u011f\u0131n\u0131 ve kabul etti\u011fini beyan eder. Sitemizi kullanarak, i\u015fbu metinde belirtilen ko\u015fullar\u0131 kabul etmi\u015f say\u0131l\u0131rs\u0131n\u0131z.<\/p>\n<p><b>i. De\u011fi\u015fiklik Bildirimi:<\/b> <b>ARQETEQ Mimari Teknoloji ve Gayrimenkul Geli\u015ftirme<\/b>, bu bilgilendirme metninde de\u011fi\u015fiklik yapma hakk\u0131n\u0131 sakl\u0131 tutar. Yap\u0131lan de\u011fi\u015fiklikler sitemizde ilan edilecek olup, kullan\u0131c\u0131lar\u0131m\u0131z\u0131n bu de\u011fi\u015fiklikleri takip etmeleri \u00f6nemlidir.<\/p>\n<p><b>j. Kabul Beyan\u0131:<\/b> \u0130\u015fbu metni okuyup anlad\u0131\u011f\u0131m\u0131 ve i\u00e7erdi\u011fi \u015fartlar\u0131 kabul etti\u011fimi beyan ederim. Bu beyan\u0131m, internet sitesini kullanarak ve i\u00e7erikleri inceleyerek otomatik olarak ger\u00e7ekle\u015fir.<\/p>\t\t\t\t\t\t\t\t<\/div>\n\t\t\t\t\t<\/div>\n\t\t\t\t<\/div>\n\t\t\t\t<\/div>","protected":false},"excerpt":{"rendered":"<p>Gizlilik Politikas\u0131 \u00a0 ARQETEQ Mimari Teknoloji ve Gayrimenkul Geli\u015ftirme olarak, kullan\u0131c\u0131lar\u0131m\u0131z\u0131n gizlili\u011fine sayg\u0131 duyuyor ve ki\u015fisel [&hellip;]<\/p>","protected":false},"author":1,"featured_media":0,"parent":0,"menu_order":0,"comment_status":"closed","ping_status":"closed","template":"","meta":{"footnotes":""},"class_list":["post-7616","page","type-page","status-publish","hentry"],"_links":{"self":[{"href":"https:\/\/arqeteq.com\/en\/wp-json\/wp\/v2\/pages\/7616","targetHints":{"allow":["GET"]}}],"collection":[{"href":"https:\/\/arqeteq.com\/en\/wp-json\/wp\/v2\/pages"}],"about":[{"href":"https:\/\/arqeteq.com\/en\/wp-json\/wp\/v2\/types\/page"}],"author":[{"embeddable":true,"href":"https:\/\/arqeteq.com\/en\/wp-json\/wp\/v2\/users\/1"}],"replies":[{"embeddable":true,"href":"https:\/\/arqeteq.com\/en\/wp-json\/wp\/v2\/comments?post=7616"}],"version-history":[{"count":8,"href":"https:\/\/arqeteq.com\/en\/wp-json\/wp\/v2\/pages\/7616\/revisions"}],"predecessor-version":[{"id":9028,"href":"https:\/\/arqeteq.com\/en\/wp-json\/wp\/v2\/pages\/7616\/revisions\/9028"}],"wp:attachment":[{"href":"https:\/\/arqeteq.com\/en\/wp-json\/wp\/v2\/media?parent=7616"}],"curies":[{"name":"wp","href":"https:\/\/api.w.org\/{rel}","templated":true}]}}