{"id":2300,"date":"2025-05-15T10:26:52","date_gmt":"2025-05-15T10:26:52","guid":{"rendered":"https:\/\/demo.awaikenthemes.com\/nextmind\/ai-image\/?page_id=2300"},"modified":"2025-12-24T00:30:41","modified_gmt":"2025-12-23T21:30:41","slug":"iletisim","status":"publish","type":"page","link":"https:\/\/arqeteq.com\/en\/iletisim\/","title":{"rendered":"Contact"},"content":{"rendered":"<div data-elementor-type=\"wp-page\" data-elementor-id=\"2300\" class=\"elementor elementor-2300\">\n\t\t\t\t<div class=\"elementor-element elementor-element-503ee1e e-flex e-con-boxed e-con e-parent\" data-id=\"503ee1e\" data-element_type=\"container\" data-settings=\"{&quot;background_background&quot;:&quot;classic&quot;}\">\n\t\t\t\t\t<div class=\"e-con-inner\">\n\t\t<div class=\"elementor-element elementor-element-34d5e68 e-con-full e-flex e-con e-child\" data-id=\"34d5e68\" data-element_type=\"container\">\n\t\t\t\t<div class=\"elementor-element elementor-element-ae01779 at-heading-animation at-animation-heading-none elementor-invisible elementor-widget elementor-widget-heading\" data-id=\"ae01779\" data-element_type=\"widget\" data-settings=\"{&quot;_animation&quot;:&quot;fadeInUp&quot;,&quot;ekit_we_effect_on&quot;:&quot;none&quot;}\" data-widget_type=\"heading.default\">\n\t\t\t\t\t<h1 class=\"elementor-heading-title elementor-size-default translation-block\">Contact <span>Us<\/span><\/h1>\t\t\t\t<\/div>\n\t\t\t\t<div class=\"elementor-element elementor-element-49ede7a breadcrumb-nai elementor-invisible elementor-widget elementor-widget-nextmind-breadcrumb\" data-id=\"49ede7a\" data-element_type=\"widget\" data-settings=\"{&quot;_animation&quot;:&quot;fadeInUp&quot;,&quot;_animation_delay&quot;:100,&quot;ekit_we_effect_on&quot;:&quot;none&quot;}\" data-widget_type=\"nextmind-breadcrumb.default\">\n\t\t\t\t<div class=\"elementor-widget-container\">\n\t\t\t\t\t<div role=\"navigation\" aria-label=\"Breadcrumbs\" class=\"breadcrumb-trail breadcrumbs\"><ol class=\"trail-items\"><li class=\"trail-item trail-begin\"><a href=\"https:\/\/arqeteq.com\/en\/\" rel=\"home\"><span>Home<\/span><\/a><\/li><li class=\"trail-item trail-end\"><span><span>Contact<\/span><\/span><\/li><\/ol><\/div>\t\t\t\t<\/div>\n\t\t\t\t<\/div>\n\t\t\t\t<\/div>\n\t\t\t\t\t<\/div>\n\t\t\t\t<\/div>\n\t\t<div class=\"elementor-element elementor-element-57ebcca e-flex e-con-boxed e-con e-parent\" data-id=\"57ebcca\" data-element_type=\"container\">\n\t\t\t\t\t<div class=\"e-con-inner\">\n\t\t<div class=\"elementor-element elementor-element-3cd7c49 e-con-full e-flex e-con e-child\" data-id=\"3cd7c49\" data-element_type=\"container\">\n\t\t<div class=\"elementor-element elementor-element-56afb04 e-con-full e-flex elementor-invisible e-con e-child\" data-id=\"56afb04\" data-element_type=\"container\" data-settings=\"{&quot;animation&quot;:&quot;fadeInUp&quot;}\">\n\t\t\t\t<div class=\"elementor-element elementor-element-4cd6364 ekit-equal-height-enable contact-info-item-nai elementor-widget elementor-widget-elementskit-icon-box\" data-id=\"4cd6364\" data-element_type=\"widget\" data-settings=\"{&quot;ekit_we_effect_on&quot;:&quot;none&quot;}\" data-widget_type=\"elementskit-icon-box.default\">\n\t\t\t\t\t<div class=\"ekit-wid-con\" >        <!-- link opening -->\n                <!-- end link opening -->\n\n        <div class=\"elementskit-infobox text-left text-left icon-lef-right-aligin elementor-animation- media\">\n                    <div class=\"elementskit-box-header elementor-animation-\">\n                <div class=\"elementskit-info-box-icon  text-center\">\n                    <svg xmlns=\"http:\/\/www.w3.org\/2000\/svg\" width=\"26\" height=\"26\" viewbox=\"0 0 26 26\" fill=\"none\"><path d=\"M16.1428 23.7139C17.2425 24.4233 18.5529 24.7325 19.8538 24.5894C21.1546 24.4463 22.3665 23.8597 23.2857 22.9282L24.0892 22.1425C24.4415 21.7821 24.6388 21.2982 24.6388 20.7942C24.6388 20.2903 24.4415 19.8064 24.0892 19.446L20.6785 16.071C20.3212 15.7199 19.8402 15.5231 19.3392 15.5231C18.8382 15.5231 18.3573 15.7199 18 16.071V16.071C17.6396 16.4233 17.1557 16.6206 16.6517 16.6206C16.1478 16.6206 15.6639 16.4233 15.3035 16.071L9.94638 10.7139C9.76767 10.5378 9.62576 10.3279 9.52889 10.0964C9.43203 9.86498 9.38215 9.61658 9.38215 9.36568C9.38215 9.11477 9.43203 8.86637 9.52889 8.63491C9.62576 8.40346 9.76767 8.19358 9.94638 8.01746V8.01746C10.2976 7.66013 10.4943 7.17918 10.4943 6.67818C10.4943 6.17717 10.2976 5.69622 9.94638 5.33889L6.55353 1.94603C6.19318 1.59374 5.70926 1.39648 5.20531 1.39648C4.70137 1.39648 4.21744 1.59374 3.8571 1.94603L3.07138 2.7496C2.13986 3.66879 1.55323 4.88068 1.41014 6.18151C1.26705 7.48234 1.57622 8.79277 2.28567 9.89246C5.98218 15.3402 10.6856 20.0315 16.1428 23.7139V23.7139Z\" stroke=\"currentColor\" stroke-width=\"1.5\" stroke-linecap=\"round\" stroke-linejoin=\"round\"><\/path><\/svg>\n                <\/div>\n          <\/div>\n                        <div class=\"box-body\">\n                            <h3 class=\"elementskit-info-box-title\">\n                    Phone                <\/h3>\n                        \t\t  \t<p><a href=\"tel:(+90) 5401982004\">(+90) 540 198 20 04<\/a>\n<\/br>\n<a href=\"tel:(+90) 5401998204\">(+90) 540 199 82 04<\/a><\/p>\n                                <\/div>\n        \n        \n                <\/div>\n        <\/div>\t\t\t\t<\/div>\n\t\t\t\t<\/div>\n\t\t<div class=\"elementor-element elementor-element-ec02701 e-con-full e-flex elementor-invisible e-con e-child\" data-id=\"ec02701\" data-element_type=\"container\" data-settings=\"{&quot;animation&quot;:&quot;fadeInUp&quot;,&quot;animation_delay&quot;:100}\">\n\t\t\t\t<div class=\"elementor-element elementor-element-ccafbb3 ekit-equal-height-enable contact-info-item-nai elementor-widget elementor-widget-elementskit-icon-box\" data-id=\"ccafbb3\" data-element_type=\"widget\" data-settings=\"{&quot;ekit_we_effect_on&quot;:&quot;none&quot;}\" data-widget_type=\"elementskit-icon-box.default\">\n\t\t\t\t\t<div class=\"ekit-wid-con\" >        <!-- link opening -->\n                <!-- end link opening -->\n\n        <div class=\"elementskit-infobox text-left text-left icon-lef-right-aligin elementor-animation- media\">\n                    <div class=\"elementskit-box-header elementor-animation-\">\n                <div class=\"elementskit-info-box-icon  text-center\">\n                    <svg xmlns=\"http:\/\/www.w3.org\/2000\/svg\" width=\"25\" height=\"25\" viewbox=\"0 0 25 25\" fill=\"none\"><path d=\"M22.3211 3.125H2.67829C1.69207 3.125 0.892578 3.92449 0.892578 4.91071V20.0893C0.892578 21.0755 1.69207 21.875 2.67829 21.875H22.3211C23.3074 21.875 24.1069 21.0755 24.1069 20.0893V4.91071C24.1069 3.92449 23.3074 3.125 22.3211 3.125Z\" stroke=\"currentColor\" stroke-width=\"1.5\" stroke-linecap=\"round\" stroke-linejoin=\"round\"><\/path><path d=\"M0.892578 5.35742L11.3569 14.286C11.6777 14.5533 12.0821 14.6996 12.4997 14.6996C12.9173 14.6996 13.3217 14.5533 13.6426 14.286L24.1069 5.35742\" stroke=\"currentColor\" stroke-width=\"1.5\" stroke-linecap=\"round\" stroke-linejoin=\"round\"><\/path><\/svg>\n                <\/div>\n          <\/div>\n                        <div class=\"box-body\">\n                            <h3 class=\"elementskit-info-box-title\">\n                    E-Mail                <\/h3>\n                        \t\t  \t<p><a href=\"mailto:info@arqeteq.com\">info@arqeteq.com<\/a>\n<\/br>\n<a href=\"mailto:support@arqeteq.com\">support@arqeteq.com<\/a>\n<\/p>\n                                <\/div>\n        \n        \n                <\/div>\n        <\/div>\t\t\t\t<\/div>\n\t\t\t\t<\/div>\n\t\t<div class=\"elementor-element elementor-element-40f6fb2 e-con-full e-flex elementor-invisible e-con e-child\" data-id=\"40f6fb2\" data-element_type=\"container\" data-settings=\"{&quot;animation&quot;:&quot;fadeInUp&quot;,&quot;animation_delay&quot;:200}\">\n\t\t\t\t<div class=\"elementor-element elementor-element-ff570c2 ekit-equal-height-enable contact-info-item-nai elementor-widget elementor-widget-elementskit-icon-box\" data-id=\"ff570c2\" data-element_type=\"widget\" data-settings=\"{&quot;ekit_we_effect_on&quot;:&quot;none&quot;}\" data-widget_type=\"elementskit-icon-box.default\">\n\t\t\t\t\t<div class=\"ekit-wid-con\" >        <!-- link opening -->\n                <!-- end link opening -->\n\n        <div class=\"elementskit-infobox text-left text-left icon-lef-right-aligin elementor-animation- media\">\n                    <div class=\"elementskit-box-header elementor-animation-\">\n                <div class=\"elementskit-info-box-icon  text-center\">\n                    <svg xmlns=\"http:\/\/www.w3.org\/2000\/svg\" width=\"25\" height=\"25\" viewbox=\"0 0 25 25\" fill=\"none\"><path d=\"M12.4997 24.1069C18.9102 24.1069 24.1069 18.9102 24.1069 12.4997C24.1069 6.08927 18.9102 0.892578 12.4997 0.892578C6.08927 0.892578 0.892578 6.08927 0.892578 12.4997C0.892578 18.9102 6.08927 24.1069 12.4997 24.1069Z\" stroke=\"currentColor\" stroke-width=\"1.5\" stroke-linecap=\"round\" stroke-linejoin=\"round\"><\/path><path d=\"M12.5 8.03516V12.4994L17.0357 17.7852\" stroke=\"currentColor\" stroke-width=\"1.5\" stroke-linecap=\"round\" stroke-linejoin=\"round\"><\/path><\/svg>\n                <\/div>\n          <\/div>\n                        <div class=\"box-body\">\n                            <h3 class=\"elementskit-info-box-title\">\n                    Working Hours                <\/h3>\n                        \t\t  \t<p>Mon-Fri: 09:00 - 20:00 \nSat-Sun: 10:00 - 19:00<\/p>\n                                <\/div>\n        \n        \n                <\/div>\n        <\/div>\t\t\t\t<\/div>\n\t\t\t\t<\/div>\n\t\t<div class=\"elementor-element elementor-element-f97820e e-con-full e-flex elementor-invisible e-con e-child\" data-id=\"f97820e\" data-element_type=\"container\" data-settings=\"{&quot;animation&quot;:&quot;fadeInUp&quot;,&quot;animation_delay&quot;:300}\">\n\t\t\t\t<div class=\"elementor-element elementor-element-d7e6814 ekit-equal-height-enable contact-info-item-nai elementor-widget elementor-widget-elementskit-icon-box\" data-id=\"d7e6814\" data-element_type=\"widget\" data-settings=\"{&quot;ekit_we_effect_on&quot;:&quot;none&quot;}\" data-widget_type=\"elementskit-icon-box.default\">\n\t\t\t\t\t<div class=\"ekit-wid-con\" >        <!-- link opening -->\n                <!-- end link opening -->\n\n        <div class=\"elementskit-infobox text-left text-left icon-lef-right-aligin elementor-animation- media\">\n                    <div class=\"elementskit-box-header elementor-animation-\">\n                <div class=\"elementskit-info-box-icon  text-center\">\n                    <svg xmlns=\"http:\/\/www.w3.org\/2000\/svg\" width=\"25\" height=\"25\" viewbox=\"0 0 25 25\" fill=\"none\"><path d=\"M20.5353 8.92829C20.5353 13.3747 12.4996 24.1069 12.4996 24.1069C12.4996 24.1069 4.46387 13.3747 4.46387 8.92829C4.46387 6.79709 5.31048 4.75317 6.81747 3.24618C8.32446 1.7392 10.3684 0.892578 12.4996 0.892578C14.6308 0.892578 16.6747 1.7392 18.1817 3.24618C19.6887 4.75317 20.5353 6.79709 20.5353 8.92829V8.92829Z\" stroke=\"currentColor\" stroke-width=\"1.5\" stroke-linecap=\"round\" stroke-linejoin=\"round\"><\/path><path d=\"M12.4999 11.6071C13.9792 11.6071 15.1784 10.4079 15.1784 8.92857C15.1784 7.44924 13.9792 6.25 12.4999 6.25C11.0205 6.25 9.82129 7.44924 9.82129 8.92857C9.82129 10.4079 11.0205 11.6071 12.4999 11.6071Z\" stroke=\"currentColor\" stroke-width=\"1.5\" stroke-linecap=\"round\" stroke-linejoin=\"round\"><\/path><\/svg>\n                <\/div>\n          <\/div>\n                        <div class=\"box-body\">\n                            <h3 class=\"elementskit-info-box-title\">\n                    Address                <\/h3>\n                        \t\t  \t<p>Esentepe, B\u00fcy\u00fckdere Street, \u015ei\u015fli\/Istanbul<\/p>\n                                <\/div>\n        \n        \n                <\/div>\n        <\/div>\t\t\t\t<\/div>\n\t\t\t\t<\/div>\n\t\t\t\t<\/div>\n\t\t<div class=\"elementor-element elementor-element-599db8d e-con-full e-flex e-con e-child\" data-id=\"599db8d\" data-element_type=\"container\">\n\t\t\t\t<div class=\"elementor-element elementor-element-641cc65 elementor-invisible elementor-widget elementor-widget-text-editor\" data-id=\"641cc65\" data-element_type=\"widget\" data-settings=\"{&quot;_animation&quot;:&quot;fadeInUp&quot;,&quot;_animation_delay&quot;:200,&quot;ekit_we_effect_on&quot;:&quot;none&quot;}\" data-widget_type=\"text-editor.default\">\n\t\t\t\t\t\t\t\t\t<p class=\"translation-block\">Access to our Arqeteq offices is <strong>restricted only to Arqeteq employees and authorized personnel<\/strong>. Entry for individuals outside of these specified groups is strictly prohibited, and <strong>visitors are not accepted<\/strong>. Please <strong>book an appointment in advance<\/strong> for project and business meetings.<\/p>\t\t\t\t\t\t\t\t<\/div>\n\t\t\t\t<\/div>\n\t\t<div class=\"elementor-element elementor-element-91afd8d e-con-full e-flex e-con e-child\" data-id=\"91afd8d\" data-element_type=\"container\">\n\t\t<div class=\"elementor-element elementor-element-9ea47cc e-con-full e-flex e-con e-child\" data-id=\"9ea47cc\" data-element_type=\"container\" data-settings=\"{&quot;background_background&quot;:&quot;gradient&quot;}\">\n\t\t<div class=\"elementor-element elementor-element-1124ba1 e-con-full e-flex e-con e-child\" data-id=\"1124ba1\" data-element_type=\"container\">\n\t\t\t\t<div class=\"elementor-element elementor-element-2f377f5 google-map elementor-widget elementor-widget-google_maps\" data-id=\"2f377f5\" data-element_type=\"widget\" data-settings=\"{&quot;ekit_we_effect_on&quot;:&quot;none&quot;}\" data-widget_type=\"google_maps.default\">\n\t\t\t\t\t\t\t<div class=\"elementor-custom-embed\">\n\t\t\t<iframe loading=\"lazy\"\n\t\t\t\t\tsrc=\"https:\/\/maps.google.com\/maps?q=Esentepe%2C%20B%C3%BCy%C3%BCkdere%20Cd.%20%C5%9Ei%C5%9Fli%2F%C4%B0stanbul&#038;t=m&#038;z=11&#038;output=embed&#038;iwloc=near\"\n\t\t\t\t\ttitle=\"Esentepe, B\u00fcy\u00fckdere Street, \u015ei\u015fli\/Istanbul\"\n\t\t\t\t\taria-label=\"Esentepe, B\u00fcy\u00fckdere Street, \u015ei\u015fli\/Istanbul\"\n\t\t\t><\/iframe>\n\t\t<\/div>\n\t\t\t\t\t\t<\/div>\n\t\t\t\t<\/div>\n\t\t<div class=\"elementor-element elementor-element-e63fb41 e-con-full e-flex e-con e-child\" data-id=\"e63fb41\" data-element_type=\"container\">\n\t\t\t\t<div class=\"elementor-element elementor-element-a433ac5 section-title at-heading-animation at-animation-heading-none elementor-invisible elementor-widget elementor-widget-heading\" data-id=\"a433ac5\" data-element_type=\"widget\" data-settings=\"{&quot;_animation&quot;:&quot;fadeInUp&quot;,&quot;ekit_we_effect_on&quot;:&quot;none&quot;}\" data-widget_type=\"heading.default\">\n\t\t\t\t\t<h3 class=\"elementor-heading-title elementor-size-default\">CONTACT<\/h3>\t\t\t\t<\/div>\n\t\t\t\t<div class=\"elementor-element elementor-element-c616507 contact-form-heading-nai at-heading-animation at-animation-heading-none elementor-invisible elementor-widget elementor-widget-heading\" data-id=\"c616507\" data-element_type=\"widget\" data-settings=\"{&quot;_animation&quot;:&quot;fadeInUp&quot;,&quot;_animation_delay&quot;:100,&quot;ekit_we_effect_on&quot;:&quot;none&quot;}\" data-widget_type=\"heading.default\">\n\t\t\t\t\t<h2 class=\"elementor-heading-title elementor-size-default translation-block\">Send <span>Message<\/span><\/h2>\t\t\t\t<\/div>\n\t\t\t\t<div class=\"elementor-element elementor-element-8578a0e contact-form team-contact-form-nai  elementor-invisible elementor-widget elementor-widget-elementskit-contact-form7\" data-id=\"8578a0e\" data-element_type=\"widget\" data-settings=\"{&quot;_animation&quot;:&quot;fadeInUp&quot;,&quot;_animation_delay&quot;:200,&quot;ekit_we_effect_on&quot;:&quot;none&quot;}\" data-widget_type=\"elementskit-contact-form7.default\">\n\t\t\t\t\t<div class=\"ekit-wid-con\" ><div class=\"ekit-form\">\n<div class=\"wpcf7 no-js\" id=\"wpcf7-f2850-p2300-o1\" lang=\"en-US\" dir=\"ltr\" data-wpcf7-id=\"2850\">\n<div class=\"screen-reader-response\"><p role=\"status\" aria-live=\"polite\" aria-atomic=\"true\"><\/p> <ul><\/ul><\/div>\n<form action=\"\/en\/iletisim\/#wpcf7-f2850-p2300-o1\" method=\"post\" class=\"wpcf7-form init\" aria-label=\"Contact form\" novalidate=\"novalidate\" data-status=\"init\" data-trp-original-action=\"\/iletisim\/#wpcf7-f2850-p2300-o1\">\n<fieldset class=\"hidden-fields-container\"><input type=\"hidden\" name=\"_wpcf7\" value=\"2850\" \/><input type=\"hidden\" name=\"_wpcf7_version\" value=\"6.1.4\" \/><input type=\"hidden\" name=\"_wpcf7_locale\" value=\"en_US\" \/><input type=\"hidden\" name=\"_wpcf7_unit_tag\" value=\"wpcf7-f2850-p2300-o1\" \/><input type=\"hidden\" name=\"_wpcf7_container_post\" value=\"2300\" \/><input type=\"hidden\" name=\"_wpcf7_posted_data_hash\" value=\"\" \/>\n<\/fieldset>\n<div class=\"row\">\n\t<div class=\"form-group col-md-6 mb-4\">\n\t\t<p><span class=\"wpcf7-form-control-wrap\" data-name=\"first-name\"><input size=\"40\" maxlength=\"400\" class=\"wpcf7-form-control wpcf7-text wpcf7-validates-as-required form-control\" id=\"name\" aria-required=\"true\" aria-invalid=\"false\" placeholder=\"Name\" value=\"\" type=\"text\" name=\"first-name\" \/><\/span>\n\t\t<\/p>\n\t<\/div>\n\t<div class=\"form-group col-md-6 mb-4\">\n\t\t<p><span class=\"wpcf7-form-control-wrap\" data-name=\"last-name\"><input size=\"40\" maxlength=\"400\" class=\"wpcf7-form-control wpcf7-text wpcf7-validates-as-required form-control\" aria-required=\"true\" aria-invalid=\"false\" placeholder=\"Surname\" value=\"\" type=\"text\" name=\"last-name\" \/><\/span>\n\t\t<\/p>\n\t<\/div>\n\t<div class=\"form-group col-md-6 mb-4\">\n\t\t<p><span class=\"wpcf7-form-control-wrap\" data-name=\"phone\"><input size=\"40\" maxlength=\"400\" class=\"wpcf7-form-control wpcf7-text wpcf7-validates-as-required form-control\" id=\"phone\" aria-required=\"true\" aria-invalid=\"false\" placeholder=\"Phone\" value=\"\" type=\"text\" name=\"phone\" \/><\/span>\n\t\t<\/p>\n\t<\/div>\n\t<div class=\"form-group col-md-6 mb-4\">\n\t\t<p><span class=\"wpcf7-form-control-wrap\" data-name=\"email\"><input size=\"40\" maxlength=\"400\" class=\"wpcf7-form-control wpcf7-email wpcf7-validates-as-required wpcf7-text wpcf7-validates-as-email form-control\" id=\"email\" aria-required=\"true\" aria-invalid=\"false\" placeholder=\"E-Mail\" value=\"\" type=\"email\" name=\"email\" \/><\/span>\n\t\t<\/p>\n\t<\/div>\n\t<div class=\"form-group col-md-12 mb-4\">\n\t\t<p><span class=\"wpcf7-form-control-wrap\" data-name=\"message\"><textarea cols=\"40\" rows=\"10\" maxlength=\"2000\" class=\"wpcf7-form-control wpcf7-textarea form-control\" id=\"msg\" aria-invalid=\"false\" placeholder=\"Message\" name=\"message\"><\/textarea><\/span>\n\t\t<\/p>\n\t<\/div>\n\t<div class=\"col-md-12 form-btn text-center\">\n\t\t<p><input class=\"wpcf7-form-control wpcf7-submit has-spinner\" id=\"msgSubmit\" type=\"submit\" value=\"Send\" \/>\n\t\t<\/p>\n\t<\/div>\n<\/div><input type='hidden' class='wpcf7-pum' value='{\"closepopup\":false,\"closedelay\":0,\"openpopup\":false,\"openpopup_id\":0}' \/><div class=\"wpcf7-response-output\" aria-hidden=\"true\"><\/div>\n<input type=\"hidden\" name=\"trp-form-language\" value=\"en\"\/><\/form>\n<\/div>\n<\/div><\/div>\t\t\t\t<\/div>\n\t\t\t\t<\/div>\n\t\t\t\t<\/div>\n\t\t\t\t<\/div>\n\t\t\t\t\t<\/div>\n\t\t\t\t<\/div>\n\t\t\t\t<\/div>","protected":false},"excerpt":{"rendered":"<p>Bize ula\u015f\u0131n Ana Sayfa Telefon (+90) 540 198 20 04 (+90) 540 199 82 04 E-Posta [&hellip;]<\/p>","protected":false},"author":1,"featured_media":0,"parent":0,"menu_order":0,"comment_status":"closed","ping_status":"closed","template":"elementor_header_footer","meta":{"footnotes":""},"class_list":["post-2300","page","type-page","status-publish","hentry"],"_links":{"self":[{"href":"https:\/\/arqeteq.com\/en\/wp-json\/wp\/v2\/pages\/2300","targetHints":{"allow":["GET"]}}],"collection":[{"href":"https:\/\/arqeteq.com\/en\/wp-json\/wp\/v2\/pages"}],"about":[{"href":"https:\/\/arqeteq.com\/en\/wp-json\/wp\/v2\/types\/page"}],"author":[{"embeddable":true,"href":"https:\/\/arqeteq.com\/en\/wp-json\/wp\/v2\/users\/1"}],"replies":[{"embeddable":true,"href":"https:\/\/arqeteq.com\/en\/wp-json\/wp\/v2\/comments?post=2300"}],"version-history":[{"count":31,"href":"https:\/\/arqeteq.com\/en\/wp-json\/wp\/v2\/pages\/2300\/revisions"}],"predecessor-version":[{"id":9011,"href":"https:\/\/arqeteq.com\/en\/wp-json\/wp\/v2\/pages\/2300\/revisions\/9011"}],"wp:attachment":[{"href":"https:\/\/arqeteq.com\/en\/wp-json\/wp\/v2\/media?parent=2300"}],"curies":[{"name":"wp","href":"https:\/\/api.w.org\/{rel}","templated":true}]}}